{"id":403,"date":"2024-12-16T12:50:45","date_gmt":"2024-12-16T12:50:45","guid":{"rendered":"https:\/\/textwishesadd.holidaysapps.xyz\/wp\/?page_id=403"},"modified":"2024-12-16T12:50:45","modified_gmt":"2024-12-16T12:50:45","slug":"deseos","status":"publish","type":"page","link":"https:\/\/textwishesadd.holidaysapps.xyz\/wp\/deseos\/","title":{"rendered":"Deseos"},"content":{"rendered":"\n<div class=\"wp-block-group alignfull has-accent-4-background-color has-background is-vertical is-content-justification-center is-nowrap is-layout-flex wp-container-core-group-is-layout-2215816d wp-block-group-is-layout-flex\" style=\"min-height:100vh;margin-top:0;margin-bottom:0;padding-top:var(--wp--preset--spacing--50);padding-right:var(--wp--preset--spacing--50);padding-bottom:var(--wp--preset--spacing--50);padding-left:var(--wp--preset--spacing--50)\">\n<div class=\"wp-block-columns alignwide are-vertically-aligned-center is-layout-flex wp-container-core-columns-is-layout-47c06fe3 wp-block-columns-is-layout-flex\">\n<div class=\"wp-block-column is-layout-flow wp-block-column-is-layout-flow\">\n<p>Brindemos con alegr\u00eda porque ya lleg\u00f3 la Navidad y estamos unidos para festejar por otro a\u00f1o m\u00e1s. \u00a1Felices fiestas!<\/p>\n\n\n\n<p>Que el amor, la fe, la esperanza y la alegr\u00eda entren en tu casa en estas fechas tan hermosas, y te acompa\u00f1en durante todo el a\u00f1o. \u00a1Feliz Navidad!<\/p>\n\n\n\n<p>Hay algunos regalos que no pueden faltar en estos d\u00edas de Navidad, \u00a1y son el amor, las sonrisas y la felicidad!<\/p>\n\n\n\n<p>En estas fechas recordaremos todos los momentos hermosos que vivimos juntos y s\u00e9 que viviremos otros que permanecer\u00e1n en nuestras memorias para siempre. \u00a1Viva la Navidad!<\/p>\n\n\n\n<p>Por fin est\u00e1 aqu\u00ed este momento que lo ilumina todo y que siempre trae alegr\u00eda y bondad, \u00a1feliz y bendecida Navidad!<\/p>\n\n\n\n<p>\u00a1La Navidad es sin\u00f3nimo de cari\u00f1o y gratitud! T\u00f3mate un tiempo para agradecer por las personas hermosas que tienes en la vida y por todo lo que ya lograste. \u00a1Felices fiestas y que este a\u00f1o que inicia est\u00e9 lleno de luz!<\/p>\n\n\n\n<p>Al hacernos mayores, nuestra lista de regalos de Navidad va disminuyendo porque nos damos cuenta de que lo que realmente deseamos no se puede comprar.<\/p>\n\n\n\n<p>Los d\u00edas de Navidad son m\u00e1gicos para m\u00ed y me gusta vivirlos al lado de la mejor compa\u00f1\u00eda, \u00a1mi familia!<\/p>\n\n\n\n<p>Mirar las sonrisas de mi familia, compartir recuerdos, decorar la casa juntos, ilusi\u00f3n, comidas deliciosas&#8230; \u00a1Amo la Navidad!<\/p>\n\n\n\n<p>Da igual los a\u00f1os que pasen que en Navidad vuelvo a mi infancia y llegan a mi memoria los recuerdos m\u00e1s hermosos.<\/p>\n\n\n\n<p>Tiempo de fiestas, tiempo de celebraci\u00f3n, \u00a1la Navidad ya lleg\u00f3! Festejemos unidos y compartamos nuestra alegr\u00eda y amor.<\/p>\n\n\n\n<p>Llevo en mi coraz\u00f3n los m\u00e1s lindos recuerdos de estos d\u00edas m\u00e1gicos de Navidad, \u00a1y s\u00e9 que me acompa\u00f1ar\u00e1n para siempre!<\/p>\n\n\n\n<p>Regresar a casa en Navidad, recibir el abrazo de mis seres amados y sentir el calor del hogar es todo lo que necesito para tener fuerzas para un a\u00f1o m\u00e1s.<\/p>\n\n\n\n<p>En Navidad no me importan los regalos, lo que verdaderamente me importa es estar al lado de mis seres amados.<\/p>\n\n\n\n<p>Que esta Navidad puedas acumular lindas memorias para recordarlas cada a\u00f1o como haces con las anteriores. Un abrazo fuerte lleno de magia e ilusi\u00f3n.<\/p>\n\n\n\n<p>El nacimiento de Jes\u00fas debe ser siempre recordado como una celebraci\u00f3n de amor. \u00a1Feliz Navidad y un a\u00f1o bendecido!<\/p>\n\n\n\n<p>No hay nada m\u00e1s especial que juntar a la familia, intercambiar regalos y palabras de amor. En estas navidades, le agradezco a Dios por todo lo que me dio, sobre todo por el amor que nos une durante todo el a\u00f1o. \u00a1Feliz Navidad!<\/p>\n\n\n\n<p>Llega la Navidad, \u00a1un momento en el que el calor de la esperanza entra en nuestros corazones! Que estas fechas bendecidas fortalezcan tu fe y tus ganas de un mundo mejor.<\/p>\n\n\n\n<p>Que la fe, la esperanza y la compasi\u00f3n est\u00e9n presentes en nuestras vidas los pr\u00f3ximos 365 d\u00edas del a\u00f1o. \u00a1Feliz Navidad!<\/p>\n\n\n\n<p>Para m\u00ed, la Navidad significa sonrisas, buena comida y la familia unida. Deseo que esta \u00e9poca especial sea feliz y que est\u00e9 llena de armon\u00eda.<\/p>\n\n\n\n<p>Sabes que vas envejeciendo cuando te das cuenta de que Santa Claus comienza a parecer m\u00e1s joven  \u00a1Feliz Navidad! <\/p>\n\n\n\n<p>Es tiempo de renovaci\u00f3n, \u00a1que esta Navidad transforme todas las l\u00e1grimas en sonrisas y todos los obst\u00e1culos en \u00e9xitos!<\/p>\n\n\n\n<p>El mejor mensaje para felicitar la Navidad es aquel que sale en silencio de nuestros corazones y que calienta con ternura los corazones de aquellos que nos acompa\u00f1an en el camino de la vida.<\/p>\n\n\n\n<p>Que en estas navidades tu coraz\u00f3n desborde alegr\u00eda y amor, y que puedas compartir cada minuto con esas personas que siempre te dieron calor. \u00a1Felices fiestas!<\/p>\n\n\n\n<p>Paso por aqu\u00ed para desearte unas navidades llenas de luz, bendiciones y alegr\u00eda, a ti y a toda la familia.<\/p>\n\n\n\n<p>Te deseo un d\u00eda muy bendecido y una vida llena de felicidad. Que tu Navidad sea tan especial como t\u00fa lo eres para m\u00ed. \u00a1Felices fiestas!<\/p>\n\n\n\n<p>Para m\u00ed, la Navidad es amor, reflexi\u00f3n y celebraci\u00f3n. Que estas fechas sean muy especiales para todos ustedes. \u00a1Feliz Navidad!<\/p>\n\n\n\n<p>Las luces que deben iluminarnos en estas fechas tan especiales de reflexi\u00f3n son las de la fe y la esperanza. \u00a1Feliz Navidad!<\/p>\n\n\n\n<p>\u00a1Buenos d\u00edas! Hoy es Navidad: d\u00eda de celebrar con la familia, abrazar a los amigos y dar regalos a los hijos.<\/p>\n\n\n\n<p>No importa cuantos regalos tenga en esta Navidad porque ya s\u00e9 que tengo el mejor de todos: vuestro amor que me acompa\u00f1a desde que nac\u00ed.<\/p>\n\n\n\n<p>Dir\u00eda que todo lo que quiero para esta Navidad es a ti, pero tampoco me importar\u00eda tener una tarjeta de cr\u00e9dito con l\u00edmite infinito <\/p>\n\n\n\n<p>Que el amor, la emoci\u00f3n de las reuniones familiares, el perd\u00f3n por los malentendidos, la fe y la esperanza est\u00e9n presentes en su hogar esta Navidad. \u00a1Felices fiestas!<\/p>\n\n\n\n<p>Que la Navidad nos recuerde la importancia de valorar a nuestros seres queridos no solo en este momento, sino cada d\u00eda del a\u00f1o.<\/p>\n\n\n\n<p>Estas navidades, reparte sonrisas, comparte tu alegr\u00eda, ten detalles hermosos y vive intensamente con aquellos que amas. \u00a1Felices fiestas!<\/p>\n\n\n\n<p>En esta Navidad no se olvide de agradecer m\u00e1s que de pedir. \u00a1Que usted y su familia tengan una noche bendecida y unas felices fiestas!<\/p>\n\n\n\n<p>La Navidad es el momento perfecto para abrazar a quienes amamos y decirles lo importantes que son para nosotros.<\/p>\n\n\n\n<p>Que en esta Navidad puedas encontrar riqueza en el amor, en compartir y en disfrutar con las personas que amas.<\/p>\n\n\n\n<p>Lo mejor que puedes vestir en la cena de Navidad es una hermosa sonrisa. \u00a1Felices fiestas!<\/p>\n\n\n\n<p>Deseo que toda mi familia tenga una noche de Navidad hermosa, y que sepan que los llevo en mi coraz\u00f3n.<\/p>\n\n\n\n<p>Que esta sea otra Navidad bendecida, con muchos regalos, pero sin olvidarnos de que lo m\u00e1s importante son las sonrisas, los abrazos y el amor que nos tenemos.<\/p>\n\n\n\n<p>\u00a1Que la generosidad y la paz lleguen a tu hogar por esta Navidad, que disfrutes de las fiestas en compa\u00f1\u00eda y que seas muy feliz!<\/p>\n\n\n\n<p>Que tu \u00e1rbol de Navidad tenga muchos regalos, y que los m\u00e1s importantes sean: amor, paz, gratitud y felicidad. \u00a1Felices fiestas para toda la familia!<\/p>\n\n\n\n<p>Amo celebrar estas fechas tan importantes y especiales. Espero que para ti sea igual que para m\u00ed, y que disfrutes de cada instante. \u00a1Feliz Navidad!<\/p>\n\n\n\n<p>\u00a1Llega una Navidad m\u00e1s! Un momento \u00fanico de felicidad, y yo me siento alegre por poder compartir estas fechas con las personas que m\u00e1s amo en este mundo.<\/p>\n\n\n\n<p>La Navidad es el momento perfecto para reunirnos y celebrar juntos el amor y la alegr\u00eda en familia.Los momentos especiales en familia son los que hacen que la Navidad sea verdaderamente m\u00e1gica.<\/p>\n\n\n\n<p>Para mis amigos m\u00e1s especiales,<\/p>\n\n\n\n<p>No olviden agradecer por todo lo bueno que tienen en la vida en esta noche de Navidad. Est\u00e9n seguros de que yo agradecer\u00e9 porque les tengo a mi lado.<\/p>\n\n\n\n<p>\u00a1Feliz Navidad!<\/p>\n\n\n\n<p>La alegr\u00eda de la Navidad est\u00e1 en los peque\u00f1os detalles y en cada uno de los gestos de amor que recibir\u00e1s.<\/p>\n\n\n\n<h2 class=\"wp-block-heading\">Frases de Navidad cortas<\/h2>\n\n\n\n<p>En el cielo las estrellas brillan con m\u00e1s fuerza, y es que&#8230; \u00a1ya est\u00e1 aqu\u00ed la Navidad!<\/p>\n\n\n\n<p>Lleg\u00f3 el momento de decorar la casa con luces, adornos, y mucho amor. \u00a1Feliz Navidad!<\/p>\n\n\n\n<p>\u00a1Feliz Navidad! Que este d\u00eda bendecido traiga mucha alegr\u00eda para ti y tu familia.<\/p>\n\n\n\n<p>Que estas navidades sean tan lindas e iluminadas como tu alma. \u00a1Felices fiestas!<\/p>\n\n\n\n<p>Feliz Navidad y que Dios bendiga nuestro camino con la mejor de las suertes.<\/p>\n\n\n\n<p>Otro a\u00f1o m\u00e1s para luchar porque nuestros deseos se hagan realidad. \u00a1Feliz Navidad!<\/p>\n\n\n\n<p>\u00a1Feliz Navidad! El mejor a\u00f1o para ti, acompa\u00f1ado de los tuyos, con fe, salud y amor.<\/p>\n\n\n\n<p>Este a\u00f1o, cree en el amor de Dios y ten una Navidad muy feliz. \u00a1Te env\u00edo un abrazo gigante!<\/p>\n\n\n\n<p>\u00a1Las luces de Navidad ya iluminan nuestras casas y nuestros corazones! \u00a1Que tengan una feliz noche!<\/p>\n\n\n\n<p>Este a\u00f1o mi Navidad ser\u00e1 perfecta porque la voy a pasar al lado de las personas que m\u00e1s amo <\/p>\n\n\n\n<p>La Navidad no tiene que ver con lo que tenemos, sino a qui\u00e9nes tenemos.<\/p>\n\n\n\n<p>Desde lejos os env\u00edo mis m\u00e1s sinceros deseos de una feliz Navidad, os amo y no os olvido.<\/p>\n\n\n\n<p>Estas navidades te dar\u00e9 el regalo m\u00e1s valioso que tengo: \u00a1mi presencia!  \u00a1Felices fiestas!<\/p>\n\n\n\n<p>Que la estrella de la Navidad ilumine tu camino y te gu\u00ede hacia la felicidad. \u00a1Feliz Navidad!<\/p>\n\n\n\n<p>En estos d\u00edas de amor y paz, te env\u00edo mis mejores deseos para una Feliz Navidad.<\/p>\n\n\n\n<p>Para m\u00ed, la Navidad es ese momento que espero con ilusi\u00f3n el resto del a\u00f1o <\/p>\n\n\n\n<p>Que la luz de la Navidad brille en nuestros corazones y nos gu\u00ede hacia un nuevo a\u00f1o lleno de amor y felicidad.<\/p>\n\n\n\n<p>\u00a1Ojal\u00e1 que en esta Navidad todos tus deseos se hagan realidad!<\/p>\n\n\n\n<p>Que la Navidad te traiga su esp\u00edritu m\u00e1gico y te d\u00e9 felicidad. \u00a1Muy buenas fiestas!<\/p>\n\n\n\n<p>Que la luz bendecida de estos d\u00edas m\u00e1gicos de Navidad alumbre el camino de tu vida por toda la eternidad.<\/p>\n\n\n\n<p>La magia de la Navidad est\u00e1 en la alegr\u00eda de dar y compartir con los dem\u00e1s.<\/p>\n\n\n\n<p>\u00a1Es momento de regresar a casa para pasar junto a mis seres queridos estos d\u00edas m\u00e1gicos de Navidad!<\/p>\n\n\n\n<p>En esta Navidad, que la alegr\u00eda de los ni\u00f1os inspire la tuya propia.<\/p>\n\n\n\n<p>La Navidad nos regala una dosis extra de alegr\u00eda y amor para repartirlas a lo largo del a\u00f1o.<\/p>\n\n\n\n<h2 class=\"wp-block-heading\">Frases de Navidad rom\u00e1nticas<\/h2>\n\n\n\n<p>Navidad es sin\u00f3nimo de amor y si no te tuviera a mi lado, estas fechas no ser\u00edan igual. \u00a1Que nuestra noche de Navidad est\u00e9 marcada por la paz y la alegr\u00eda!<\/p>\n\n\n\n<p>Amor m\u00edo, esta Navidad es m\u00e1s c\u00e1lida porque abrazas mi coraz\u00f3n. \u00a1Felices fiestas!<\/p>\n\n\n\n<p>Amor m\u00edo, que esta Navidad nos traiga 1001 motivos para ser a\u00fan m\u00e1s felices. \u00a1Te amo!<\/p>\n\n\n\n<p>Que esta Navidad nos traiga mucho m\u00e1s amor del que ya tenemos, cari\u00f1o. \u00a1Felices fiestas!<\/p>\n\n\n\n<p>Mi mayor deseo para Navidad es que nunca falte tu sonrisa y tu amor en mis d\u00edas. \u00a1Te amo!<\/p>\n\n\n\n<p>Este a\u00f1o no necesito regalos porque ya tengo el m\u00e1s valioso: tu amor. \u00a1Feliz Navidad!<\/p>\n\n\n\n<p>Eres la estrella que ilumina mi \u00e1rbol y mi vida. \u00a1Feliz Navidad, mi amor!<\/p>\n\n\n\n<p>Gracias por hacer mi vida tan especial y que cada Navidad sea m\u00e1gica. \u00a1Te amo!<\/p>\n\n\n\n<p>Navidad es m\u00e1s que luces y regalos, es la bendici\u00f3n de tenerte a ti en mi vida. \u00a1Feliz Navidad, amor!<\/p>\n\n\n\n<p>Con cada beso tuyo, esta Navidad se vuelve perfecta. Gracias por ser mi mayor felicidad.<\/p>\n\n\n\n<p>El brillo de las luces navide\u00f1as no se compara con la luz que traes a mi vida. Feliz Navidad, amor m\u00edo.<\/p>\n\n\n\n<p>La Navidad es amor porque es la \u00e9poca del a\u00f1o en que nuestros corazones est\u00e1n m\u00e1s receptivos y armoniosos, y nuestra esperanza se renueva.<\/p>\n\n\n\n<p><\/p>\n<\/div>\n\n\n\n<div class=\"wp-block-column is-layout-flow wp-block-column-is-layout-flow\"><\/div>\n<\/div>\n<\/div>\n","protected":false},"excerpt":{"rendered":"<p>Brindemos con alegr\u00eda porque ya lleg\u00f3 la Navidad y estamos unidos para festejar por otro a\u00f1o m\u00e1s. \u00a1Felices fiestas! Que el amor, la fe, la esperanza y la alegr\u00eda entren en tu casa en estas fechas tan hermosas, y te acompa\u00f1en durante todo el a\u00f1o. \u00a1Feliz Navidad! Hay algunos regalos que no pueden faltar en [&hellip;]<\/p>\n","protected":false},"author":1,"featured_media":0,"parent":0,"menu_order":0,"comment_status":"closed","ping_status":"closed","template":"","meta":{"footnotes":""},"class_list":["post-403","page","type-page","status-publish","hentry"],"_links":{"self":[{"href":"https:\/\/textwishesadd.holidaysapps.xyz\/wp\/wp-json\/wp\/v2\/pages\/403","targetHints":{"allow":["GET"]}}],"collection":[{"href":"https:\/\/textwishesadd.holidaysapps.xyz\/wp\/wp-json\/wp\/v2\/pages"}],"about":[{"href":"https:\/\/textwishesadd.holidaysapps.xyz\/wp\/wp-json\/wp\/v2\/types\/page"}],"author":[{"embeddable":true,"href":"https:\/\/textwishesadd.holidaysapps.xyz\/wp\/wp-json\/wp\/v2\/users\/1"}],"replies":[{"embeddable":true,"href":"https:\/\/textwishesadd.holidaysapps.xyz\/wp\/wp-json\/wp\/v2\/comments?post=403"}],"version-history":[{"count":1,"href":"https:\/\/textwishesadd.holidaysapps.xyz\/wp\/wp-json\/wp\/v2\/pages\/403\/revisions"}],"predecessor-version":[{"id":405,"href":"https:\/\/textwishesadd.holidaysapps.xyz\/wp\/wp-json\/wp\/v2\/pages\/403\/revisions\/405"}],"wp:attachment":[{"href":"https:\/\/textwishesadd.holidaysapps.xyz\/wp\/wp-json\/wp\/v2\/media?parent=403"}],"curies":[{"name":"wp","href":"https:\/\/api.w.org\/{rel}","templated":true}]}}